{"id":3604,"date":"2018-04-14T12:50:37","date_gmt":"2018-04-14T16:50:37","guid":{"rendered":"https:\/\/www.printempsnumerique.ca\/?page_id=3604"},"modified":"2022-01-17T15:44:48","modified_gmt":"2022-01-17T20:44:48","slug":"mission","status":"publish","type":"page","link":"https:\/\/www.printempsnumerique.ca\/en\/about\/mission\/","title":{"rendered":"Mission"},"content":{"rendered":"<p>Montreal Digital Spring (PN) is a non-profit organization that aims to connect people, organizations and ideas to promote and leverage digital intelligence. Acting for industries, communities, and players on the local and international scene, Montreal Digital Spring is the vanguard player that fosters connections by opening the horizons of digital progress.<\/p>\n<p>Montreal Digital Spring offers a direct and accessible connection to the digital world through its actions that value inclusivity, humanism, boldness and curiosity.<\/p>\n<div class=\"youtube-video\"><iframe title=\"Printemps num\u00e9rique 2018 - Montr\u00e9al\" width=\"1140\" height=\"641\" src=\"https:\/\/www.youtube.com\/embed\/l8NvXIzmWOM?feature=oembed\" frameborder=\"0\" allow=\"accelerometer; autoplay; clipboard-write; encrypted-media; gyroscope; picture-in-picture\" allowfullscreen><\/iframe><\/div>\n<h3>Major events<\/h3>\n<ul>\n<li>\n<h4><strong><em>MTL connect: Montreal Digital Week<\/em><\/strong><\/h4>\n<\/li>\n<\/ul>\n<p>Montreal Digital Spring launched in 2019 the first edition of\u00a0<strong><em><a href=\"http:\/\/mtlconnecte.ca\">MTL connect<\/a>: Montreal Digital Week<\/em><\/strong>, an annual event using digital intelligence as the overarching theme; this international event aims to look across the board at the main questions related to digital development, focusing on its economic, social, cultural and environmental impacts in various sectors of activity.<\/p>\n<p>The next edition will be held from <strong>October 15 to 23, 2022<\/strong>, <strong>in a hybrid format<\/strong>.<\/p>\n<div class=\"youtube-video\"><iframe title=\"MTL Connecte 2021 : Retour en images\" width=\"1140\" height=\"641\" src=\"https:\/\/www.youtube.com\/embed\/hH63EffJ-0E?feature=oembed\" frameborder=\"0\" allow=\"accelerometer; autoplay; clipboard-write; encrypted-media; gyroscope; picture-in-picture\" allowfullscreen><\/iframe><\/div>\n<ul>\n<li>\n<h4><em><strong>#intersections<\/strong><\/em><\/h4>\n<\/li>\n<\/ul>\n<p>Montreal Digital Spring is also\u00a0<strong style=\"font-size: 16px;\">#intersections<\/strong><span style=\"font-size: 16px;\">,\u00a0a series of events that brings together actors of digital creativity and other industries around digital transformation issues<\/span><\/p>\n<div class=\"youtube-video\"><iframe title=\"#intersections \/\/ La s\u00e9rie de conf\u00e9rences du Printemps num\u00e9rique\" width=\"1140\" height=\"641\" src=\"https:\/\/www.youtube.com\/embed\/iCzZQSGXplA?feature=oembed\" frameborder=\"0\" allow=\"accelerometer; autoplay; clipboard-write; encrypted-media; gyroscope; picture-in-picture\" allowfullscreen><\/iframe><\/div>\n<ul>\n<li>\n<h4><em><strong>Youth QC 2030 project<\/strong><\/em><\/h4>\n<\/li>\n<\/ul>\n<p>The\u00a0<a href=\"https:\/\/www.printempsnumerique.ca\/en\/projects\/project\/youth-qc-2030\/\"><strong>Youth QC 2030<\/strong><\/a>\u00a0project \u2013 supported by the Quebec Secr\u00e9tariat \u00e0 la Jeunesse \u2013 aims to establish equal opportunities for youth aged between 13 and 29 by supporting the development of digital literacy skills, hence reducing the digital divide observed between different types of demographic groups.<\/p>\n<div class=\"youtube-video\"><iframe title=\"Tourn\u00e9e provinciale 2018 des Caf\u00e9s num\u00e9riques\" width=\"1140\" height=\"641\" src=\"https:\/\/www.youtube.com\/embed\/8mm_jruZ11E?feature=oembed\" frameborder=\"0\" allow=\"accelerometer; autoplay; clipboard-write; encrypted-media; gyroscope; picture-in-picture\" allowfullscreen><\/iframe><\/div>\n","protected":false},"excerpt":{"rendered":"<p>Montreal Digital Spring (PN) is a non-profit organization that aims to connect people, organizations and ideas to promote and leverage digital intelligence. Acting for industries, communities, and players on the local and international scene, Montreal Digital Spring is the vanguard player that fosters connections by opening the horizons of digital progress. Montreal Digital Spring offers&#8230; <a class=\"moretag\" href=\"https:\/\/www.printempsnumerique.ca\/en\/about\/mission\/\">Read more<\/a><\/p>\n","protected":false},"author":2,"featured_media":0,"parent":3601,"menu_order":0,"comment_status":"closed","ping_status":"closed","template":"","meta":[],"_links":{"self":[{"href":"https:\/\/www.printempsnumerique.ca\/en\/wp-json\/wp\/v2\/pages\/3604"}],"collection":[{"href":"https:\/\/www.printempsnumerique.ca\/en\/wp-json\/wp\/v2\/pages"}],"about":[{"href":"https:\/\/www.printempsnumerique.ca\/en\/wp-json\/wp\/v2\/types\/page"}],"author":[{"embeddable":true,"href":"https:\/\/www.printempsnumerique.ca\/en\/wp-json\/wp\/v2\/users\/2"}],"replies":[{"embeddable":true,"href":"https:\/\/www.printempsnumerique.ca\/en\/wp-json\/wp\/v2\/comments?post=3604"}],"version-history":[{"count":17,"href":"https:\/\/www.printempsnumerique.ca\/en\/wp-json\/wp\/v2\/pages\/3604\/revisions"}],"predecessor-version":[{"id":10913,"href":"https:\/\/www.printempsnumerique.ca\/en\/wp-json\/wp\/v2\/pages\/3604\/revisions\/10913"}],"up":[{"embeddable":true,"href":"https:\/\/www.printempsnumerique.ca\/en\/wp-json\/wp\/v2\/pages\/3601"}],"wp:attachment":[{"href":"https:\/\/www.printempsnumerique.ca\/en\/wp-json\/wp\/v2\/media?parent=3604"}],"curies":[{"name":"wp","href":"https:\/\/api.w.org\/{rel}","templated":true}]}}