{"id":13152,"date":"2024-12-18T05:12:44","date_gmt":"2024-12-18T10:12:44","guid":{"rendered":"https:\/\/www.printempsnumerique.ca\/?page_id=13152"},"modified":"2024-12-18T05:14:30","modified_gmt":"2024-12-18T10:14:30","slug":"ai-health-research-training","status":"publish","type":"page","link":"https:\/\/www.printempsnumerique.ca\/en\/ai-health-research-training\/","title":{"rendered":"AI &#038; Health research training"},"content":{"rendered":"<p><img loading=\"lazy\" class=\"aligncenter wp-image-13154 size-large\" src=\"https:\/\/www.printempsnumerique.ca\/wp-content\/uploads\/2024\/12\/mtlc24_site_EN_700x400-1024x585.jpg\" alt=\"\" width=\"1024\" height=\"585\" \/><\/p>\n<p style=\"text-align: justify;\">Printemps num\u00e9rique, in collaboration with Humaniteq, and thanks to the support of the Quebec Ministry of the Economy, Innovation and Energy through the NovaScience program, is launching a training course on AI &amp; Health research. Aimed at health students at all three university levels, the training aims to promote science and innovation in the French-speaking world through online audio content and hybrid workshops. The aim is to educate and train Quebec students in innovative research methods and encourage them to pursue a career in healthcare research, while promoting Quebec&#8217;s scientific and technological expertise.<\/p>\n<p style=\"text-align: justify;\">Over the period 2024-2025, a series of eight audio contents will be broadcast every two months, highlighting research projects in artificial intelligence and health conducted by Quebec teams. These will offer a dynamic vision of the progress of French-speaking research in this field.<\/p>\n<p style=\"text-align: justify;\">As part of the 2024 and 2025 editions of MTL connects: Montr\u00e9al Digital Week, workshops will also be organized to synthesize the learnings from these audio contents, offering a valuable opportunity for in-depth discussion and exchange.<\/p>\n<p style=\"text-align: justify;\">Le Printemps num\u00e9rique and Humaniteq would like to thank all the partners who have made this initiative possible: the <a href=\"https:\/\/www.quebec.ca\/entreprises-et-travailleurs-autonomes\/aide-financiere\/recherche-innovation\/programme-novascience\/a-propos\" target=\"_blank\" rel=\"noopener noreferrer\" data-cke-saved-href=\"https:\/\/www.quebec.ca\/entreprises-et-travailleurs-autonomes\/aide-financiere\/recherche-innovation\/programme-novascience\/a-propos\">NovaScience<\/a>\u00a0du minist\u00e8re de l\u2019\u00c9conomie, de l\u2019Innovation et de l\u2019\u00c9nergie du Qu\u00e9bec (MEIE), le\u00a0<a href=\"https:\/\/frq.gouv.qc.ca\/\" target=\"_blank\" rel=\"noopener noreferrer\" data-cke-saved-href=\"https:\/\/frq.gouv.qc.ca\/\">Fond\u00a0de recherche du Qu\u00e9bec<\/a>,\u00a0<a href=\"https:\/\/recherche.chusj.org\/fr\/accueil\" target=\"_blank\" rel=\"noopener noreferrer\" data-cke-saved-href=\"https:\/\/recherche.chusj.org\/fr\/accueil\">le Centre de recherche Azrieli du CHU Sainte-Justine<\/a>, l\u2019<a href=\"https:\/\/eiaschum.ca\/\" target=\"_blank\" rel=\"noopener noreferrer\" data-cke-saved-href=\"https:\/\/eiaschum.ca\/\">\u00c9cole de l\u2019intelligence artificielle en sant\u00e9 du CHUM<\/a>, the <a href=\"https:\/\/medecine.umontreal.ca\/\" target=\"_blank\" rel=\"noopener noreferrer\" data-cke-saved-href=\"https:\/\/medecine.umontreal.ca\/\">Facult\u00e9 de m\u00e9decine de l\u2019Universit\u00e9 de Montr\u00e9al<\/a>, the <a href=\"https:\/\/santenumerique.umontreal.ca\/accueil\/\" target=\"_blank\" rel=\"noopener noreferrer\" data-cke-saved-href=\"https:\/\/santenumerique.umontreal.ca\/accueil\/\">Consortium Sant\u00e9 Num\u00e9rique de l\u2019Universit\u00e9 de Montr\u00e9al<\/a>,\u00a0<a href=\"https:\/\/genomequebec.com\/\" target=\"_blank\" rel=\"noopener noreferrer\" data-cke-saved-href=\"https:\/\/genomequebec.com\/\">G\u00e9nome Qu\u00e9bec<\/a>,\u00a0<a href=\"https:\/\/www.montreal-invivo.com\/\" target=\"_blank\" rel=\"noopener noreferrer\" data-cke-saved-href=\"https:\/\/www.montreal-invivo.com\/\">Montr\u00e9al InVivo<\/a>, the <a href=\"https:\/\/www.santepop.qc.ca\/\" target=\"_blank\" rel=\"noopener noreferrer\" data-cke-saved-href=\"https:\/\/santenumerique.umontreal.ca\/accueil\/\">R\u00e9seau de Recherche en Sant\u00e9 des Populations (RRSPQ)<\/a> and <a href=\"https:\/\/sqiam.umontreal.ca\/\" target=\"_blank\" rel=\"noopener noreferrer\" data-cke-saved-href=\"https:\/\/sqiam.umontreal.ca\/\">la Soci\u00e9t\u00e9 Qu\u00e9b\u00e9coise de l\u2019Intelligence Artificielle en M\u00e9decine<strong>.<\/strong><\/a><\/p>\n<blockquote>\n<p style=\"text-align: justify;\">\u201cThe talent of healthcare science students in Quebec is remarkable, and it&#8217;s crucial to provide them with the tools they need to understand and exploit the advances of artificial intelligence in their field. Our training on AI &amp; Health research enriches their education and inspires them to seize the many opportunities for innovation that AI can bring to the healthcare sector,\u201d explains\u00a0<a href=\"https:\/\/www.linkedin.com\/in\/mehdi-benboubakeur\/\" target=\"_blank\" rel=\"noopener noreferrer\" data-saferedirecturl=\"https:\/\/www.google.com\/url?q=https:\/\/www.linkedin.com\/in\/mehdi-benboubakeur\/&amp;source=gmail&amp;ust=1716654464006000&amp;usg=AOvVaw1IWGYb9tAPKvbN_Q60bK69\">Mehdi Benboubakeur<\/a>, general manager of Printemps num\u00e9rique.<\/p>\n<p style=\"text-align: justify;\">\u201cThe training program will be created using a co-construction methodology with a committee of medical students. An expert committee made up of researchers and practitioners will guarantee the scientific rigor of its programming. We can also count on the support of a number of high-quality partners in Quebec&#8217;s AI and healthcare ecosystem&#8221; details <a href=\"https:\/\/www.linkedin.com\/in\/orianemorrietphd\/\" target=\"_blank\" rel=\"noopener noreferrer\" data-saferedirecturl=\"https:\/\/www.google.com\/url?q=https:\/\/www.linkedin.com\/in\/orianemorrietphd\/&amp;source=gmail&amp;ust=1716654464006000&amp;usg=AOvVaw2dNR5T5WitdkcXAwQxmsEd\">Oriane Morriet<\/a>, founder and director of Humaniteq.<\/p>\n<\/blockquote>\n<p style=\"text-align: center;\"><strong>\ud83d\udc47(RE)LISTEN TO EPISODE 1\ud83d\udc47<\/strong><\/p>\n<p style=\"text-align: center;\"><strong><a href=\"https:\/\/open.spotify.com\/show\/2fZVXlLAjqsogTpOcINaNt\">Spotify<\/a><\/strong><\/p>\n<p style=\"text-align: center;\"><strong><a href=\"https:\/\/www.deezer.com\/fr\/show\/1001241131\">Deezer<\/a><\/strong><\/p>\n<p style=\"text-align: center;\"><strong><a href=\"https:\/\/music.amazon.com\/podcasts\/fd1a9034-7cf8-47fa-b91b-b58a0d7e3eac\/formation-recherche-ia-et-sant%C3%A9\">Amazon Music<\/a><\/strong><\/p>\n<p style=\"text-align: center;\"><strong><a href=\"https:\/\/podcastindex.org\/podcast\/7019539\">Podcast Index<\/a><\/strong><\/p>\n<p style=\"text-align: center;\"><strong><a href=\"https:\/\/www.podchaser.com\/podcasts\/formation-recherche-ia-et-sant-5836285\">Podchaser<\/a><\/strong><\/p>\n<p style=\"text-align: center;\"><strong><a href=\"https:\/\/www.listennotes.com\/podcasts\/formation-recherche-ia-et-sant%C3%A9-printemps-No0jSfcshFX\/\">Listen Notes<\/a><\/strong><\/p>\n<p style=\"text-align: center;\"><strong>\ud83d\udc47(RE)LISTEN TO EPISODE 2\ud83d\udc47<\/strong><\/p>\n<p style=\"text-align: center;\"><strong><a href=\"https:\/\/open.spotify.com\/episode\/5SMNpT3VN0OVdEnJR8eN9W?si=a308b57dc5414091\">Spotify<\/a><br \/>\n<a href=\"https:\/\/deezer.page.link\/4RDS2Vsfxadr3o3F6\">Deezer<\/a><br \/>\n<a href=\"https:\/\/music.amazon.com\/podcasts\/fd1a9034-7cf8-47fa-b91b-b58a0d7e3eac\">Amazon Music<\/a><br \/>\n<a href=\"https:\/\/youtu.be\/ardv1qSrJYY?si=IJUW2nB-HxM2qPNE\">YouTube<\/a><br \/>\n<a href=\"https:\/\/podcasts.apple.com\/ca\/podcast\/recherche-ia-neurologie\/id1769626174?i=1000674765575\">Apple Podcasts<\/a><br \/>\n<a href=\"https:\/\/podcastaddict.com\/episode\/https%3A%2F%2Fwww.buzzsprout.com%2F2402958%2Fepisodes%2F16005948-recherche-ia-neurologie.mp3&amp;podcastId=5368707\">Podcast Addict<\/a><br \/>\n<a href=\"https:\/\/www.podchaser.com\/podcasts\/formation-recherche-ia-et-sant-5836285\/episodes\/recherche-ia-neurologie-228885578\">Podchaser<\/a><br \/>\n<a href=\"https:\/\/lnns.co\/XKsMV0rSdyu\">Listen Notes<\/a><\/strong><\/p>\n<p style=\"text-align: center;\"><strong><a href=\"https:\/\/linktr.ee\/printempsnumerique\">\ud83d\udc49(RE)LISTEN TO EPISODE 3\ud83d\udc48<\/a><\/strong><\/p>\n<p>&nbsp;<\/p>\n<p>If you have any questions about the AI &amp; Health research training program, please contact Oriane Morriet, founder and director of Humaniteq, at frias@printempsnumerique.ca.<\/p>\n","protected":false},"excerpt":{"rendered":"<p>Printemps num\u00e9rique, in collaboration with Humaniteq, and thanks to the support of the Quebec Ministry of the Economy, Innovation and Energy through the NovaScience program, is launching a training course on AI &amp; Health research. Aimed at health students at all three university levels, the training aims to promote science and innovation in the French-speaking&#8230; <a class=\"moretag\" href=\"https:\/\/www.printempsnumerique.ca\/en\/ai-health-research-training\/\">Read more<\/a><\/p>\n","protected":false},"author":6,"featured_media":0,"parent":0,"menu_order":0,"comment_status":"closed","ping_status":"closed","template":"","meta":[],"_links":{"self":[{"href":"https:\/\/www.printempsnumerique.ca\/en\/wp-json\/wp\/v2\/pages\/13152"}],"collection":[{"href":"https:\/\/www.printempsnumerique.ca\/en\/wp-json\/wp\/v2\/pages"}],"about":[{"href":"https:\/\/www.printempsnumerique.ca\/en\/wp-json\/wp\/v2\/types\/page"}],"author":[{"embeddable":true,"href":"https:\/\/www.printempsnumerique.ca\/en\/wp-json\/wp\/v2\/users\/6"}],"replies":[{"embeddable":true,"href":"https:\/\/www.printempsnumerique.ca\/en\/wp-json\/wp\/v2\/comments?post=13152"}],"version-history":[{"count":3,"href":"https:\/\/www.printempsnumerique.ca\/en\/wp-json\/wp\/v2\/pages\/13152\/revisions"}],"predecessor-version":[{"id":13156,"href":"https:\/\/www.printempsnumerique.ca\/en\/wp-json\/wp\/v2\/pages\/13152\/revisions\/13156"}],"wp:attachment":[{"href":"https:\/\/www.printempsnumerique.ca\/en\/wp-json\/wp\/v2\/media?parent=13152"}],"curies":[{"name":"wp","href":"https:\/\/api.w.org\/{rel}","templated":true}]}}